{"id":355,"date":"2021-11-02T12:01:56","date_gmt":"2021-11-02T12:01:56","guid":{"rendered":"https:\/\/demo.zorentino.com\/?page_id=355"},"modified":"2023-07-13T08:17:26","modified_gmt":"2023-07-13T08:17:26","slug":"wlan","status":"publish","type":"page","link":"https:\/\/seeglueck.gaeste-mappe.de\/en\/wlan\/","title":{"rendered":"WIFI"},"content":{"rendered":"<div data-elementor-type=\"wp-page\" data-elementor-id=\"355\" class=\"elementor elementor-355\" data-elementor-post-type=\"page\">\n\t\t\t\t\t\t<section class=\"elementor-section elementor-top-section elementor-element elementor-element-63c3904d elementor-section-boxed elementor-section-height-default elementor-section-height-default\" data-id=\"63c3904d\" data-element_type=\"section\" data-e-type=\"section\" data-settings=\"{&quot;background_background&quot;:&quot;classic&quot;}\">\n\t\t\t\t\t\t<div class=\"elementor-container elementor-column-gap-default\">\n\t\t\t\t\t<div class=\"elementor-column elementor-col-100 elementor-top-column elementor-element elementor-element-3400d342\" data-id=\"3400d342\" data-element_type=\"column\" data-e-type=\"column\">\n\t\t\t<div class=\"elementor-widget-wrap elementor-element-populated\">\n\t\t\t\t\t\t<div class=\"elementor-element elementor-element-e4a36fd elementor-icon-list--layout-traditional elementor-list-item-link-full_width elementor-widget elementor-widget-icon-list\" data-id=\"e4a36fd\" data-element_type=\"widget\" data-e-type=\"widget\" data-widget_type=\"icon-list.default\">\n\t\t\t\t<div class=\"elementor-widget-container\">\n\t\t\t\t\t\t\t<ul class=\"elementor-icon-list-items\">\n\t\t\t\t\t\t\t<li class=\"elementor-icon-list-item\">\n\t\t\t\t\t\t\t\t\t\t\t<span class=\"elementor-icon-list-icon\">\n\t\t\t\t\t\t\t<i aria-hidden=\"true\" class=\"fas fa-wifi\"><\/i>\t\t\t\t\t\t<\/span>\n\t\t\t\t\t\t\t\t\t\t<span class=\"elementor-icon-list-text\">WIFI<\/span>\n\t\t\t\t\t\t\t\t\t<\/li>\n\t\t\t\t\t\t<\/ul>\n\t\t\t\t\t\t<\/div>\n\t\t\t\t<\/div>\n\t\t\t\t<div class=\"elementor-element elementor-element-7d86bbf8 elementor-widget-divider--view-line elementor-widget elementor-widget-divider\" data-id=\"7d86bbf8\" data-element_type=\"widget\" data-e-type=\"widget\" data-widget_type=\"divider.default\">\n\t\t\t\t<div class=\"elementor-widget-container\">\n\t\t\t\t\t\t\t<div class=\"elementor-divider\">\n\t\t\t<span class=\"elementor-divider-separator\">\n\t\t\t\t\t\t<\/span>\n\t\t<\/div>\n\t\t\t\t\t\t<\/div>\n\t\t\t\t<\/div>\n\t\t\t\t\t<\/div>\n\t\t<\/div>\n\t\t\t\t\t<\/div>\n\t\t<\/section>\n\t\t\t\t<section class=\"elementor-section elementor-top-section elementor-element elementor-element-618bc62 elementor-section-boxed elementor-section-height-default elementor-section-height-default\" data-id=\"618bc62\" data-element_type=\"section\" data-e-type=\"section\">\n\t\t\t\t\t\t<div class=\"elementor-container elementor-column-gap-default\">\n\t\t\t\t\t<div class=\"elementor-column elementor-col-100 elementor-top-column elementor-element elementor-element-63f68ae\" data-id=\"63f68ae\" data-element_type=\"column\" data-e-type=\"column\">\n\t\t\t<div class=\"elementor-widget-wrap elementor-element-populated\">\n\t\t\t\t\t\t<div class=\"elementor-element elementor-element-9bb23bb elementor-widget elementor-widget-text-editor\" data-id=\"9bb23bb\" data-element_type=\"widget\" data-e-type=\"widget\" data-widget_type=\"text-editor.default\">\n\t\t\t\t<div class=\"elementor-widget-container\">\n\t\t\t\t\t\t\t\t\t<p>In both holiday homes we offer good WiFi with a long range. To connect, all you have to do is scan the respective QR code and your mobile devices will connect to our WLAN. So you don&#039;t need a password.\u00a0<\/p><p>If you are currently accessing this page with your smartphone, then of course you cannot scan the QR code. Just ask one of your fellow passengers to go to the page. You can then scan the QR code on the fellow traveler&#039;s smartphone and vice versa.<\/p>\t\t\t\t\t\t\t\t<\/div>\n\t\t\t\t<\/div>\n\t\t\t\t\t<\/div>\n\t\t<\/div>\n\t\t\t\t\t<\/div>\n\t\t<\/section>\n\t\t\t\t<section class=\"elementor-section elementor-top-section elementor-element elementor-element-ce51747 elementor-section-boxed elementor-section-height-default elementor-section-height-default\" data-id=\"ce51747\" data-element_type=\"section\" data-e-type=\"section\">\n\t\t\t\t\t\t<div class=\"elementor-container elementor-column-gap-default\">\n\t\t\t\t\t<div class=\"elementor-column elementor-col-50 elementor-top-column elementor-element elementor-element-640cccd\" data-id=\"640cccd\" data-element_type=\"column\" data-e-type=\"column\">\n\t\t\t<div class=\"elementor-widget-wrap elementor-element-populated\">\n\t\t\t\t\t\t<div class=\"elementor-element elementor-element-328fcd7 elementor-widget elementor-widget-image\" data-id=\"328fcd7\" data-element_type=\"widget\" data-e-type=\"widget\" data-widget_type=\"image.default\">\n\t\t\t\t<div class=\"elementor-widget-container\">\n\t\t\t\t\t\t\t\t\t\t\t\t<figure class=\"wp-caption\">\n\t\t\t\t\t\t\t\t\t\t<img fetchpriority=\"high\" decoding=\"async\" width=\"300\" height=\"300\" src=\"https:\/\/seeglueck.gaeste-mappe.de\/wp-content\/uploads\/2023\/07\/Wifi-QR-Code-SEEglueck-1.png\" class=\"attachment-large size-large wp-image-8493\" alt=\"\" srcset=\"https:\/\/seeglueck.gaeste-mappe.de\/wp-content\/uploads\/2023\/07\/Wifi-QR-Code-SEEglueck-1.png 300w, https:\/\/seeglueck.gaeste-mappe.de\/wp-content\/uploads\/2023\/07\/Wifi-QR-Code-SEEglueck-1-150x150.png 150w\" sizes=\"(max-width: 300px) 100vw, 300px\" \/>\t\t\t\t\t\t\t\t\t\t\t<figcaption class=\"widget-image-caption wp-caption-text\">WLAN QR code house SEEgl\u00fcck-1<\/figcaption>\n\t\t\t\t\t\t\t\t\t\t<\/figure>\n\t\t\t\t\t\t\t\t\t<\/div>\n\t\t\t\t<\/div>\n\t\t\t\t\t<\/div>\n\t\t<\/div>\n\t\t\t\t<div class=\"elementor-column elementor-col-50 elementor-top-column elementor-element elementor-element-2dd5705\" data-id=\"2dd5705\" data-element_type=\"column\" data-e-type=\"column\">\n\t\t\t<div class=\"elementor-widget-wrap elementor-element-populated\">\n\t\t\t\t\t\t<div class=\"elementor-element elementor-element-9256f31 elementor-widget elementor-widget-image\" data-id=\"9256f31\" data-element_type=\"widget\" data-e-type=\"widget\" data-widget_type=\"image.default\">\n\t\t\t\t<div class=\"elementor-widget-container\">\n\t\t\t\t\t\t\t\t\t\t\t\t<figure class=\"wp-caption\">\n\t\t\t\t\t\t\t\t\t\t<img decoding=\"async\" width=\"300\" height=\"300\" src=\"https:\/\/seeglueck.gaeste-mappe.de\/wp-content\/uploads\/2023\/07\/Wifi-QR-Code-SEEglueck-2.png\" class=\"attachment-large size-large wp-image-8494\" alt=\"\" srcset=\"https:\/\/seeglueck.gaeste-mappe.de\/wp-content\/uploads\/2023\/07\/Wifi-QR-Code-SEEglueck-2.png 300w, https:\/\/seeglueck.gaeste-mappe.de\/wp-content\/uploads\/2023\/07\/Wifi-QR-Code-SEEglueck-2-150x150.png 150w\" sizes=\"(max-width: 300px) 100vw, 300px\" \/>\t\t\t\t\t\t\t\t\t\t\t<figcaption class=\"widget-image-caption wp-caption-text\">WiFi QR code house SEEgl\u00fcck-2<\/figcaption>\n\t\t\t\t\t\t\t\t\t\t<\/figure>\n\t\t\t\t\t\t\t\t\t<\/div>\n\t\t\t\t<\/div>\n\t\t\t\t\t<\/div>\n\t\t<\/div>\n\t\t\t\t\t<\/div>\n\t\t<\/section>\n\t\t\t\t<section class=\"elementor-section elementor-top-section elementor-element elementor-element-f58da7a elementor-section-boxed elementor-section-height-default elementor-section-height-default\" data-id=\"f58da7a\" data-element_type=\"section\" data-e-type=\"section\">\n\t\t\t\t\t\t<div class=\"elementor-container elementor-column-gap-default\">\n\t\t\t\t\t<div class=\"elementor-column elementor-col-100 elementor-top-column elementor-element elementor-element-ef359a4\" data-id=\"ef359a4\" data-element_type=\"column\" data-e-type=\"column\">\n\t\t\t<div class=\"elementor-widget-wrap elementor-element-populated\">\n\t\t\t\t\t\t<div class=\"elementor-element elementor-element-2e5c966 elementor-widget elementor-widget-text-editor\" data-id=\"2e5c966\" data-element_type=\"widget\" data-e-type=\"widget\" data-widget_type=\"text-editor.default\">\n\t\t\t\t<div class=\"elementor-widget-container\">\n\t\t\t\t\t\t\t\t\t<p>If you are unable to scan QR codes, please contact us. We will then tell you the name of the WLAN and the password<\/p>\t\t\t\t\t\t\t\t<\/div>\n\t\t\t\t<\/div>\n\t\t\t\t\t<\/div>\n\t\t<\/div>\n\t\t\t\t\t<\/div>\n\t\t<\/section>\n\t\t\t\t<\/div>","protected":false},"excerpt":{"rendered":"<p>WLAN In beiden Ferienh\u00e4usern bieten wir gutes WLAN mit hoher Reichweite. F\u00fcr die Verbindung m\u00fcssen Sie einfach nur den jeweiligen QR-Code scannen und schon verbinden sich Ihre mobilen Ger\u00e4te mit unserem WLAN. Sie ben\u00f6tigen also kein Passwort.\u00a0 Wenn Sie diese Seite gerade mit dem Smartphone aufrufen, dann k\u00f6nnen Sie nat\u00fcrlich nicht den QR-Code scannen. Einfach &hellip;<\/p>\n<p class=\"read-more\"> <a class=\"\" href=\"https:\/\/seeglueck.gaeste-mappe.de\/en\/wlan\/\"> <span class=\"screen-reader-text\">WIFI<\/span> Read More &raquo;<\/a><\/p>","protected":false},"author":2,"featured_media":0,"parent":0,"menu_order":0,"comment_status":"closed","ping_status":"closed","template":"","meta":{"site-sidebar-layout":"no-sidebar","site-content-layout":"page-builder","ast-site-content-layout":"","site-content-style":"default","site-sidebar-style":"default","ast-global-header-display":"","ast-banner-title-visibility":"","ast-main-header-display":"","ast-hfb-above-header-display":"","ast-hfb-below-header-display":"","ast-hfb-mobile-header-display":"","site-post-title":"disabled","ast-breadcrumbs-content":"","ast-featured-img":"disabled","footer-sml-layout":"","theme-transparent-header-meta":"","adv-header-id-meta":"","stick-header-meta":"","header-above-stick-meta":"","header-main-stick-meta":"","header-below-stick-meta":"","astra-migrate-meta-layouts":"","footnotes":""},"class_list":["post-355","page","type-page","status-publish","hentry"],"_links":{"self":[{"href":"https:\/\/seeglueck.gaeste-mappe.de\/en\/wp-json\/wp\/v2\/pages\/355","targetHints":{"allow":["GET"]}}],"collection":[{"href":"https:\/\/seeglueck.gaeste-mappe.de\/en\/wp-json\/wp\/v2\/pages"}],"about":[{"href":"https:\/\/seeglueck.gaeste-mappe.de\/en\/wp-json\/wp\/v2\/types\/page"}],"author":[{"embeddable":true,"href":"https:\/\/seeglueck.gaeste-mappe.de\/en\/wp-json\/wp\/v2\/users\/2"}],"replies":[{"embeddable":true,"href":"https:\/\/seeglueck.gaeste-mappe.de\/en\/wp-json\/wp\/v2\/comments?post=355"}],"version-history":[{"count":95,"href":"https:\/\/seeglueck.gaeste-mappe.de\/en\/wp-json\/wp\/v2\/pages\/355\/revisions"}],"predecessor-version":[{"id":8503,"href":"https:\/\/seeglueck.gaeste-mappe.de\/en\/wp-json\/wp\/v2\/pages\/355\/revisions\/8503"}],"wp:attachment":[{"href":"https:\/\/seeglueck.gaeste-mappe.de\/en\/wp-json\/wp\/v2\/media?parent=355"}],"curies":[{"name":"wp","href":"https:\/\/api.w.org\/{rel}","templated":true}]}}