{"id":375,"date":"2021-11-02T12:10:47","date_gmt":"2021-11-02T12:10:47","guid":{"rendered":"https:\/\/demo.zorentino.com\/?page_id=375"},"modified":"2023-07-30T08:25:54","modified_gmt":"2023-07-30T08:25:54","slug":"ihre-bewertung","status":"publish","type":"page","link":"https:\/\/seeglueck.gaeste-mappe.de\/en\/ihre-bewertung\/","title":{"rendered":"Rate your stay"},"content":{"rendered":"<div data-elementor-type=\"wp-page\" data-elementor-id=\"375\" class=\"elementor elementor-375\" data-elementor-post-type=\"page\">\n\t\t\t\t\t\t<section class=\"elementor-section elementor-top-section elementor-element elementor-element-3473c647 elementor-section-boxed elementor-section-height-default elementor-section-height-default\" data-id=\"3473c647\" data-element_type=\"section\" data-e-type=\"section\" data-settings=\"{&quot;background_background&quot;:&quot;classic&quot;}\">\n\t\t\t\t\t\t<div class=\"elementor-container elementor-column-gap-default\">\n\t\t\t\t\t<div class=\"elementor-column elementor-col-100 elementor-top-column elementor-element elementor-element-76038f17\" data-id=\"76038f17\" data-element_type=\"column\" data-e-type=\"column\">\n\t\t\t<div class=\"elementor-widget-wrap elementor-element-populated\">\n\t\t\t\t\t\t<div class=\"elementor-element elementor-element-7b20a10a elementor-icon-list--layout-traditional elementor-list-item-link-full_width elementor-widget elementor-widget-icon-list\" data-id=\"7b20a10a\" data-element_type=\"widget\" data-e-type=\"widget\" data-widget_type=\"icon-list.default\">\n\t\t\t\t<div class=\"elementor-widget-container\">\n\t\t\t\t\t\t\t<ul class=\"elementor-icon-list-items\">\n\t\t\t\t\t\t\t<li class=\"elementor-icon-list-item\">\n\t\t\t\t\t\t\t\t\t\t\t<span class=\"elementor-icon-list-icon\">\n\t\t\t\t\t\t\t<svg xmlns=\"http:\/\/www.w3.org\/2000\/svg\" xmlns:xlink=\"http:\/\/www.w3.org\/1999\/xlink\" id=\"Capa_1\" x=\"0px\" y=\"0px\" viewbox=\"0 0 512 512\" style=\"enable-background:new 0 0 512 512;\" xml:space=\"preserve\"><g>\t<g>\t\t<path d=\"M94.526,244.611c-0.769-2.359-2.809-4.074-5.267-4.432l-24.899-3.618L53.234,214.08c-2.203-4.445-9.484-4.445-11.687,0    l-11.126,22.481l-24.84,3.618c-2.451,0.358-4.491,2.079-5.26,4.439c-0.769,2.353-0.13,4.941,1.649,6.674l18.016,17.56    l-4.25,24.775c-0.417,2.444,0.587,4.921,2.594,6.381c2.014,1.453,4.68,1.643,6.87,0.489l22.188-11.7l22.253,11.7    c0.952,0.502,1.995,0.75,3.031,0.75c1.349,0,2.698-0.424,3.839-1.238c2.008-1.467,3.011-3.937,2.594-6.381l-4.243-24.775    l18.016-17.56C94.657,249.565,95.295,246.971,94.526,244.611z\"><\/path>\t<\/g><\/g><g>\t<g>\t\t<path d=\"M198.815,244.611c-0.769-2.359-2.809-4.074-5.267-4.432l-24.899-3.618l-11.126-22.481c-2.203-4.445-9.484-4.445-11.687,0    l-11.126,22.481l-24.84,3.618c-2.451,0.358-4.491,2.079-5.26,4.439c-0.769,2.353-0.13,4.941,1.649,6.674l18.016,17.56    l-4.25,24.775c-0.417,2.444,0.587,4.928,2.594,6.381c2.008,1.453,4.68,1.643,6.87,0.489l22.188-11.7l22.253,11.7    c0.952,0.502,1.995,0.75,3.031,0.75c1.349,0,2.698-0.424,3.839-1.238c2.008-1.467,3.011-3.937,2.594-6.381l-4.243-24.775    l18.016-17.56C198.946,249.565,199.584,246.971,198.815,244.611z\"><\/path>\t<\/g><\/g><g>\t<g>\t\t<path d=\"M303.104,244.611c-0.769-2.359-2.809-4.074-5.267-4.432l-24.899-3.618l-11.126-22.481c-2.203-4.445-9.484-4.445-11.687,0    l-11.126,22.481l-24.84,3.618c-2.451,0.358-4.491,2.079-5.26,4.439c-0.769,2.353-0.13,4.941,1.649,6.674l18.016,17.56    l-4.25,24.775c-0.417,2.444,0.587,4.921,2.594,6.381c2.014,1.453,4.68,1.643,6.87,0.489l22.187-11.7l22.253,11.7    c0.952,0.502,1.995,0.75,3.031,0.75c1.349,0,2.698-0.424,3.839-1.238c2.008-1.467,3.011-3.937,2.594-6.381l-4.243-24.775    l18.016-17.56C303.235,249.565,303.873,246.971,303.104,244.611z\"><\/path>\t<\/g><\/g><g>\t<g>\t\t<path d=\"M407.393,244.611c-0.769-2.359-2.809-4.074-5.267-4.432l-24.899-3.618l-11.126-22.481c-2.203-4.445-9.484-4.445-11.687,0    l-11.126,22.481l-24.84,3.618c-2.451,0.358-4.491,2.079-5.26,4.439c-0.769,2.353-0.13,4.941,1.649,6.674l18.016,17.56    l-4.25,24.775c-0.417,2.444,0.587,4.921,2.594,6.381c2.014,1.453,4.68,1.643,6.87,0.489l22.187-11.7l22.253,11.7    c0.952,0.502,1.995,0.75,3.031,0.75c1.349,0,2.698-0.424,3.839-1.238c2.008-1.467,3.011-3.937,2.594-6.381l-4.243-24.775    l18.016-17.56C407.523,249.565,408.162,246.971,407.393,244.611z\"><\/path>\t<\/g><\/g><g>\t<g>\t\t<path d=\"M511.682,244.611c-0.776-2.359-2.809-4.074-5.267-4.432l-24.899-3.618L470.39,214.08c-2.203-4.445-9.484-4.445-11.687,0    l-11.126,22.481l-24.84,3.618c-2.451,0.358-4.491,2.079-5.26,4.439c-0.769,2.353-0.13,4.941,1.649,6.674l18.016,17.56    l-4.25,24.775c-0.417,2.444,0.587,4.921,2.594,6.381c1.134,0.821,2.477,1.238,3.826,1.238c1.043,0,2.086-0.248,3.05-0.75    l22.188-11.7l22.259,11.7c2.19,1.167,4.849,0.971,6.864-0.495c2.001-1.46,3.005-3.93,2.588-6.375l-4.243-24.775l18.016-17.56    C511.812,249.565,512.445,246.971,511.682,244.611z\"><\/path>\t<\/g><\/g><g><\/g><g><\/g><g><\/g><g><\/g><g><\/g><g><\/g><g><\/g><g><\/g><g><\/g><g><\/g><g><\/g><g><\/g><g><\/g><g><\/g><g><\/g><\/svg>\t\t\t\t\t\t<\/span>\n\t\t\t\t\t\t\t\t\t\t<span class=\"elementor-icon-list-text\">Rate your stay<\/span>\n\t\t\t\t\t\t\t\t\t<\/li>\n\t\t\t\t\t\t<\/ul>\n\t\t\t\t\t\t<\/div>\n\t\t\t\t<\/div>\n\t\t\t\t<div class=\"elementor-element elementor-element-58b2cc06 elementor-widget-divider--view-line elementor-widget elementor-widget-divider\" data-id=\"58b2cc06\" data-element_type=\"widget\" data-e-type=\"widget\" data-widget_type=\"divider.default\">\n\t\t\t\t<div class=\"elementor-widget-container\">\n\t\t\t\t\t\t\t<div class=\"elementor-divider\">\n\t\t\t<span class=\"elementor-divider-separator\">\n\t\t\t\t\t\t<\/span>\n\t\t<\/div>\n\t\t\t\t\t\t<\/div>\n\t\t\t\t<\/div>\n\t\t\t\t\t<\/div>\n\t\t<\/div>\n\t\t\t\t\t<\/div>\n\t\t<\/section>\n\t\t\t\t<section class=\"elementor-section elementor-top-section elementor-element elementor-element-35f93c1 elementor-section-boxed elementor-section-height-default elementor-section-height-default\" data-id=\"35f93c1\" data-element_type=\"section\" data-e-type=\"section\">\n\t\t\t\t\t\t<div class=\"elementor-container elementor-column-gap-default\">\n\t\t\t\t\t<div class=\"elementor-column elementor-col-100 elementor-top-column elementor-element elementor-element-50455f5\" data-id=\"50455f5\" data-element_type=\"column\" data-e-type=\"column\">\n\t\t\t<div class=\"elementor-widget-wrap elementor-element-populated\">\n\t\t\t\t\t\t<div class=\"elementor-element elementor-element-4d31065 elementor-widget elementor-widget-text-editor\" data-id=\"4d31065\" data-element_type=\"widget\" data-e-type=\"widget\" data-widget_type=\"text-editor.default\">\n\t\t\t\t<div class=\"elementor-widget-container\">\n\t\t\t\t\t\t\t\t\t<p>We would be delighted to receive a review of your stay. Tell us and other interested parties what you liked.<\/p>\t\t\t\t\t\t\t\t<\/div>\n\t\t\t\t<\/div>\n\t\t\t\t\t<\/div>\n\t\t<\/div>\n\t\t\t\t\t<\/div>\n\t\t<\/section>\n\t\t\t\t<section class=\"elementor-section elementor-top-section elementor-element elementor-element-c640e9d elementor-section-boxed elementor-section-height-default elementor-section-height-default\" data-id=\"c640e9d\" data-element_type=\"section\" data-e-type=\"section\">\n\t\t\t\t\t\t<div class=\"elementor-container elementor-column-gap-default\">\n\t\t\t\t\t<div class=\"elementor-column elementor-col-100 elementor-top-column elementor-element elementor-element-d2f85e0\" data-id=\"d2f85e0\" data-element_type=\"column\" data-e-type=\"column\">\n\t\t\t<div class=\"elementor-widget-wrap elementor-element-populated\">\n\t\t\t\t\t\t<div class=\"elementor-element elementor-element-3b8a5d9 elementor-widget elementor-widget-accordion\" data-id=\"3b8a5d9\" data-element_type=\"widget\" data-e-type=\"widget\" data-widget_type=\"accordion.default\">\n\t\t\t\t<div class=\"elementor-widget-container\">\n\t\t\t\t\t\t\t<div class=\"elementor-accordion\">\n\t\t\t\t\t\t\t<div class=\"elementor-accordion-item\">\n\t\t\t\t\t<div id=\"elementor-tab-title-6241\" class=\"elementor-tab-title\" data-tab=\"1\" role=\"button\" aria-controls=\"elementor-tab-content-6241\" aria-expanded=\"false\">\n\t\t\t\t\t\t\t\t\t\t\t\t\t<span class=\"elementor-accordion-icon elementor-accordion-icon-left\" aria-hidden=\"true\">\n\t\t\t\t\t\t\t\t\t\t\t\t\t\t\t<span class=\"elementor-accordion-icon-closed\"><i class=\"fas fa-plus\"><\/i><\/span>\n\t\t\t\t\t\t\t\t<span class=\"elementor-accordion-icon-opened\"><i class=\"fas fa-minus\"><\/i><\/span>\n\t\t\t\t\t\t\t\t\t\t\t\t\t\t<\/span>\n\t\t\t\t\t\t\t\t\t\t\t\t<a class=\"elementor-accordion-title\" tabindex=\"0\">accordion title<\/a>\n\t\t\t\t\t<\/div>\n\t\t\t\t\t<div id=\"elementor-tab-content-6241\" class=\"elementor-tab-content elementor-clearfix\" data-tab=\"1\" role=\"region\" aria-labelledby=\"elementor-tab-title-6241\">Accordion Contents<\/div>\n\t\t\t\t<\/div>\n\t\t\t\t\t\t\t<div class=\"elementor-accordion-item\">\n\t\t\t\t\t<div id=\"elementor-tab-title-6242\" class=\"elementor-tab-title\" data-tab=\"2\" role=\"button\" aria-controls=\"elementor-tab-content-6242\" aria-expanded=\"false\">\n\t\t\t\t\t\t\t\t\t\t\t\t\t<span class=\"elementor-accordion-icon elementor-accordion-icon-left\" aria-hidden=\"true\">\n\t\t\t\t\t\t\t\t\t\t\t\t\t\t\t<span class=\"elementor-accordion-icon-closed\"><i class=\"fas fa-plus\"><\/i><\/span>\n\t\t\t\t\t\t\t\t<span class=\"elementor-accordion-icon-opened\"><i class=\"fas fa-minus\"><\/i><\/span>\n\t\t\t\t\t\t\t\t\t\t\t\t\t\t<\/span>\n\t\t\t\t\t\t\t\t\t\t\t\t<a class=\"elementor-accordion-title\" tabindex=\"0\">Submit a review for the holiday home SEEgl\u00fcck-1<\/a>\n\t\t\t\t\t<\/div>\n\t\t\t\t\t<div id=\"elementor-tab-content-6242\" class=\"elementor-tab-content elementor-clearfix\" data-tab=\"2\" role=\"region\" aria-labelledby=\"elementor-tab-title-6242\"><p>\u00a0 \u00a0 \u00a0 \u00a0 \u00a0Under the following link you can submit a review for your stay in the SEEgl\u00fcck-1 holiday home: <span style=\"text-decoration: underline;\"><a href=\"https:\/\/ferienhaus-seeglueck.de\/seeglueck-1\/#Bewertung\" target=\"_blank\" rel=\"noopener\">https:\/\/ferienhaus-seeglueck.de\/seeglueck-1\/<\/a><\/span><\/p><\/div>\n\t\t\t\t<\/div>\n\t\t\t\t\t\t\t\t<\/div>\n\t\t\t\t\t\t<\/div>\n\t\t\t\t<\/div>\n\t\t\t\t\t<\/div>\n\t\t<\/div>\n\t\t\t\t\t<\/div>\n\t\t<\/section>\n\t\t\t\t<section class=\"elementor-section elementor-top-section elementor-element elementor-element-00475e9 elementor-section-boxed elementor-section-height-default elementor-section-height-default\" data-id=\"00475e9\" data-element_type=\"section\" data-e-type=\"section\">\n\t\t\t\t\t\t<div class=\"elementor-container elementor-column-gap-default\">\n\t\t\t\t\t<div class=\"elementor-column elementor-col-100 elementor-top-column elementor-element elementor-element-f17f01f\" data-id=\"f17f01f\" data-element_type=\"column\" data-e-type=\"column\">\n\t\t\t<div class=\"elementor-widget-wrap elementor-element-populated\">\n\t\t\t\t\t\t<div class=\"elementor-element elementor-element-19129bd elementor-widget elementor-widget-accordion\" data-id=\"19129bd\" data-element_type=\"widget\" data-e-type=\"widget\" data-widget_type=\"accordion.default\">\n\t\t\t\t<div class=\"elementor-widget-container\">\n\t\t\t\t\t\t\t<div class=\"elementor-accordion\">\n\t\t\t\t\t\t\t<div class=\"elementor-accordion-item\">\n\t\t\t\t\t<div id=\"elementor-tab-title-2621\" class=\"elementor-tab-title\" data-tab=\"1\" role=\"button\" aria-controls=\"elementor-tab-content-2621\" aria-expanded=\"false\">\n\t\t\t\t\t\t\t\t\t\t\t\t\t<span class=\"elementor-accordion-icon elementor-accordion-icon-left\" aria-hidden=\"true\">\n\t\t\t\t\t\t\t\t\t\t\t\t\t\t\t<span class=\"elementor-accordion-icon-closed\"><i class=\"fas fa-plus\"><\/i><\/span>\n\t\t\t\t\t\t\t\t<span class=\"elementor-accordion-icon-opened\"><i class=\"fas fa-minus\"><\/i><\/span>\n\t\t\t\t\t\t\t\t\t\t\t\t\t\t<\/span>\n\t\t\t\t\t\t\t\t\t\t\t\t<a class=\"elementor-accordion-title\" tabindex=\"0\">accordion title<\/a>\n\t\t\t\t\t<\/div>\n\t\t\t\t\t<div id=\"elementor-tab-content-2621\" class=\"elementor-tab-content elementor-clearfix\" data-tab=\"1\" role=\"region\" aria-labelledby=\"elementor-tab-title-2621\">Accordion Contents<\/div>\n\t\t\t\t<\/div>\n\t\t\t\t\t\t\t<div class=\"elementor-accordion-item\">\n\t\t\t\t\t<div id=\"elementor-tab-title-2622\" class=\"elementor-tab-title\" data-tab=\"2\" role=\"button\" aria-controls=\"elementor-tab-content-2622\" aria-expanded=\"false\">\n\t\t\t\t\t\t\t\t\t\t\t\t\t<span class=\"elementor-accordion-icon elementor-accordion-icon-left\" aria-hidden=\"true\">\n\t\t\t\t\t\t\t\t\t\t\t\t\t\t\t<span class=\"elementor-accordion-icon-closed\"><i class=\"fas fa-plus\"><\/i><\/span>\n\t\t\t\t\t\t\t\t<span class=\"elementor-accordion-icon-opened\"><i class=\"fas fa-minus\"><\/i><\/span>\n\t\t\t\t\t\t\t\t\t\t\t\t\t\t<\/span>\n\t\t\t\t\t\t\t\t\t\t\t\t<a class=\"elementor-accordion-title\" tabindex=\"0\">Submit a review for the holiday home SEEgl\u00fcck-2<\/a>\n\t\t\t\t\t<\/div>\n\t\t\t\t\t<div id=\"elementor-tab-content-2622\" class=\"elementor-tab-content elementor-clearfix\" data-tab=\"2\" role=\"region\" aria-labelledby=\"elementor-tab-title-2622\"><p>\u00a0 \u00a0 \u00a0 \u00a0 <a href=\"https:\/\/www.traum-ferienwohnungen.de\/440952\/bewertung\/\" target=\"_blank\" rel=\"noopener\">\u00a0 \u00a0 https:\/\/www.traum-ferienwohnungen.de\/440952\/bewertung\/<\/a><\/p><\/div>\n\t\t\t\t<\/div>\n\t\t\t\t\t\t\t\t<\/div>\n\t\t\t\t\t\t<\/div>\n\t\t\t\t<\/div>\n\t\t\t\t\t<\/div>\n\t\t<\/div>\n\t\t\t\t\t<\/div>\n\t\t<\/section>\n\t\t\t\t<\/div>","protected":false},"excerpt":{"rendered":"<p>Ihre Bewertung Wir w\u00fcrden uns sehr \u00fcber eine Bewertung zu ihrem Aufenthalt freuen. Erz\u00e4hlen Sie uns und anderen Interessenten, was Ihnen gefallen hat. Akkordeon Titel Akkordeon Inhalt Eine Bewertung f\u00fcr Ferienhaus SEEgl\u00fcck-1 abgeben \u00a0 \u00a0 \u00a0 \u00a0 \u00a0Unter folgendem Link k\u00f6nnen Sie eine Bewertung f\u00fcr ihren Aufenthalt im Ferienhaus SEEgl\u00fcck-1 abgeben: https:\/\/ferienhaus-seeglueck.de\/seeglueck-1\/ Akkordeon Titel Akkordeon &hellip;<\/p>\n<p class=\"read-more\"> <a class=\"\" href=\"https:\/\/seeglueck.gaeste-mappe.de\/en\/ihre-bewertung\/\"> <span class=\"screen-reader-text\">Rate your stay<\/span> Read More &raquo;<\/a><\/p>","protected":false},"author":2,"featured_media":0,"parent":0,"menu_order":0,"comment_status":"closed","ping_status":"closed","template":"","meta":{"site-sidebar-layout":"no-sidebar","site-content-layout":"page-builder","ast-site-content-layout":"","site-content-style":"default","site-sidebar-style":"default","ast-global-header-display":"","ast-banner-title-visibility":"","ast-main-header-display":"","ast-hfb-above-header-display":"","ast-hfb-below-header-display":"","ast-hfb-mobile-header-display":"","site-post-title":"disabled","ast-breadcrumbs-content":"","ast-featured-img":"disabled","footer-sml-layout":"","theme-transparent-header-meta":"","adv-header-id-meta":"","stick-header-meta":"","header-above-stick-meta":"","header-main-stick-meta":"","header-below-stick-meta":"","astra-migrate-meta-layouts":"","footnotes":""},"class_list":["post-375","page","type-page","status-publish","hentry"],"_links":{"self":[{"href":"https:\/\/seeglueck.gaeste-mappe.de\/en\/wp-json\/wp\/v2\/pages\/375","targetHints":{"allow":["GET"]}}],"collection":[{"href":"https:\/\/seeglueck.gaeste-mappe.de\/en\/wp-json\/wp\/v2\/pages"}],"about":[{"href":"https:\/\/seeglueck.gaeste-mappe.de\/en\/wp-json\/wp\/v2\/types\/page"}],"author":[{"embeddable":true,"href":"https:\/\/seeglueck.gaeste-mappe.de\/en\/wp-json\/wp\/v2\/users\/2"}],"replies":[{"embeddable":true,"href":"https:\/\/seeglueck.gaeste-mappe.de\/en\/wp-json\/wp\/v2\/comments?post=375"}],"version-history":[{"count":223,"href":"https:\/\/seeglueck.gaeste-mappe.de\/en\/wp-json\/wp\/v2\/pages\/375\/revisions"}],"predecessor-version":[{"id":8939,"href":"https:\/\/seeglueck.gaeste-mappe.de\/en\/wp-json\/wp\/v2\/pages\/375\/revisions\/8939"}],"wp:attachment":[{"href":"https:\/\/seeglueck.gaeste-mappe.de\/en\/wp-json\/wp\/v2\/media?parent=375"}],"curies":[{"name":"wp","href":"https:\/\/api.w.org\/{rel}","templated":true}]}}