{"id":5847,"date":"2023-03-24T14:34:35","date_gmt":"2023-03-24T14:34:35","guid":{"rendered":"https:\/\/gaestehaus-am-kurpark.gaeste-mappe.com\/?page_id=5847"},"modified":"2023-07-30T08:30:11","modified_gmt":"2023-07-30T08:30:11","slug":"folgebuchung","status":"publish","type":"page","link":"https:\/\/seeglueck.gaeste-mappe.de\/en\/folgebuchung\/","title":{"rendered":"Booking"},"content":{"rendered":"<div data-elementor-type=\"wp-page\" data-elementor-id=\"5847\" class=\"elementor elementor-5847\" data-elementor-post-type=\"page\">\n\t\t\t\t\t\t<section class=\"elementor-section elementor-top-section elementor-element elementor-element-443884d5 elementor-section-boxed elementor-section-height-default elementor-section-height-default\" data-id=\"443884d5\" data-element_type=\"section\" data-e-type=\"section\" data-settings=\"{&quot;background_background&quot;:&quot;classic&quot;}\">\n\t\t\t\t\t\t<div class=\"elementor-container elementor-column-gap-default\">\n\t\t\t\t\t<div class=\"elementor-column elementor-col-100 elementor-top-column elementor-element elementor-element-60b55b26\" data-id=\"60b55b26\" data-element_type=\"column\" data-e-type=\"column\">\n\t\t\t<div class=\"elementor-widget-wrap elementor-element-populated\">\n\t\t\t\t\t\t<div class=\"elementor-element elementor-element-69562c60 elementor-icon-list--layout-traditional elementor-list-item-link-full_width elementor-widget elementor-widget-icon-list\" data-id=\"69562c60\" data-element_type=\"widget\" data-e-type=\"widget\" data-widget_type=\"icon-list.default\">\n\t\t\t\t<div class=\"elementor-widget-container\">\n\t\t\t\t\t\t\t<ul class=\"elementor-icon-list-items\">\n\t\t\t\t\t\t\t<li class=\"elementor-icon-list-item\">\n\t\t\t\t\t\t\t\t\t\t\t<span class=\"elementor-icon-list-icon\">\n\t\t\t\t\t\t\t<i aria-hidden=\"true\" class=\"far fa-calendar-alt\"><\/i>\t\t\t\t\t\t<\/span>\n\t\t\t\t\t\t\t\t\t\t<span class=\"elementor-icon-list-text\">Booking<\/span>\n\t\t\t\t\t\t\t\t\t<\/li>\n\t\t\t\t\t\t<\/ul>\n\t\t\t\t\t\t<\/div>\n\t\t\t\t<\/div>\n\t\t\t\t<div class=\"elementor-element elementor-element-49f41320 elementor-widget-divider--view-line elementor-widget elementor-widget-divider\" data-id=\"49f41320\" data-element_type=\"widget\" data-e-type=\"widget\" data-widget_type=\"divider.default\">\n\t\t\t\t<div class=\"elementor-widget-container\">\n\t\t\t\t\t\t\t<div class=\"elementor-divider\">\n\t\t\t<span class=\"elementor-divider-separator\">\n\t\t\t\t\t\t<\/span>\n\t\t<\/div>\n\t\t\t\t\t\t<\/div>\n\t\t\t\t<\/div>\n\t\t\t\t\t<\/div>\n\t\t<\/div>\n\t\t\t\t\t<\/div>\n\t\t<\/section>\n\t\t\t\t<section class=\"elementor-section elementor-top-section elementor-element elementor-element-c317b4d elementor-section-boxed elementor-section-height-default elementor-section-height-default\" data-id=\"c317b4d\" data-element_type=\"section\" data-e-type=\"section\">\n\t\t\t\t\t\t<div class=\"elementor-container elementor-column-gap-default\">\n\t\t\t\t\t<div class=\"elementor-column elementor-col-33 elementor-top-column elementor-element elementor-element-a053dd0\" data-id=\"a053dd0\" data-element_type=\"column\" data-e-type=\"column\">\n\t\t\t<div class=\"elementor-widget-wrap elementor-element-populated\">\n\t\t\t\t\t\t<div class=\"elementor-element elementor-element-3be2576 elementor-widget elementor-widget-image\" data-id=\"3be2576\" data-element_type=\"widget\" data-e-type=\"widget\" data-widget_type=\"image.default\">\n\t\t\t\t<div class=\"elementor-widget-container\">\n\t\t\t\t\t\t\t\t\t\t\t\t\t\t\t<img fetchpriority=\"high\" decoding=\"async\" width=\"1024\" height=\"768\" src=\"https:\/\/seeglueck.gaeste-mappe.de\/wp-content\/uploads\/2023\/07\/haus-1-1024x768.jpg\" class=\"attachment-large size-large wp-image-8520\" alt=\"\" srcset=\"https:\/\/seeglueck.gaeste-mappe.de\/wp-content\/uploads\/2023\/07\/haus-1-1024x768.jpg 1024w, https:\/\/seeglueck.gaeste-mappe.de\/wp-content\/uploads\/2023\/07\/haus-1-300x225.jpg 300w, https:\/\/seeglueck.gaeste-mappe.de\/wp-content\/uploads\/2023\/07\/haus-1-768x576.jpg 768w, https:\/\/seeglueck.gaeste-mappe.de\/wp-content\/uploads\/2023\/07\/haus-1.jpg 1200w\" sizes=\"(max-width: 1024px) 100vw, 1024px\" \/>\t\t\t\t\t\t\t\t\t\t\t\t\t\t\t<\/div>\n\t\t\t\t<\/div>\n\t\t\t\t\t<\/div>\n\t\t<\/div>\n\t\t\t\t<div class=\"elementor-column elementor-col-33 elementor-top-column elementor-element elementor-element-f6dce35\" data-id=\"f6dce35\" data-element_type=\"column\" data-e-type=\"column\">\n\t\t\t<div class=\"elementor-widget-wrap elementor-element-populated\">\n\t\t\t\t\t\t<div class=\"elementor-element elementor-element-fbca46f elementor-widget elementor-widget-image\" data-id=\"fbca46f\" data-element_type=\"widget\" data-e-type=\"widget\" data-widget_type=\"image.default\">\n\t\t\t\t<div class=\"elementor-widget-container\">\n\t\t\t\t\t\t\t\t\t\t\t\t\t\t\t<img decoding=\"async\" width=\"1024\" height=\"768\" src=\"https:\/\/seeglueck.gaeste-mappe.de\/wp-content\/uploads\/2023\/07\/IMG_5691-1024x768.jpg\" class=\"attachment-large size-large wp-image-8521\" alt=\"\" srcset=\"https:\/\/seeglueck.gaeste-mappe.de\/wp-content\/uploads\/2023\/07\/IMG_5691-1024x768.jpg 1024w, https:\/\/seeglueck.gaeste-mappe.de\/wp-content\/uploads\/2023\/07\/IMG_5691-300x225.jpg 300w, https:\/\/seeglueck.gaeste-mappe.de\/wp-content\/uploads\/2023\/07\/IMG_5691-768x576.jpg 768w, https:\/\/seeglueck.gaeste-mappe.de\/wp-content\/uploads\/2023\/07\/IMG_5691.jpg 1200w\" sizes=\"(max-width: 1024px) 100vw, 1024px\" \/>\t\t\t\t\t\t\t\t\t\t\t\t\t\t\t<\/div>\n\t\t\t\t<\/div>\n\t\t\t\t\t<\/div>\n\t\t<\/div>\n\t\t\t\t<div class=\"elementor-column elementor-col-33 elementor-top-column elementor-element elementor-element-a5a33d0\" data-id=\"a5a33d0\" data-element_type=\"column\" data-e-type=\"column\">\n\t\t\t<div class=\"elementor-widget-wrap elementor-element-populated\">\n\t\t\t\t\t\t<div class=\"elementor-element elementor-element-e2c410d elementor-widget elementor-widget-image\" data-id=\"e2c410d\" data-element_type=\"widget\" data-e-type=\"widget\" data-widget_type=\"image.default\">\n\t\t\t\t<div class=\"elementor-widget-container\">\n\t\t\t\t\t\t\t\t\t\t\t\t\t\t\t<img decoding=\"async\" width=\"1024\" height=\"768\" src=\"https:\/\/seeglueck.gaeste-mappe.de\/wp-content\/uploads\/2023\/07\/8821c7c3e703305daf69842c2ec19d70-1024x768.jpg\" class=\"attachment-large size-large wp-image-8519\" alt=\"\" srcset=\"https:\/\/seeglueck.gaeste-mappe.de\/wp-content\/uploads\/2023\/07\/8821c7c3e703305daf69842c2ec19d70-1024x768.jpg 1024w, https:\/\/seeglueck.gaeste-mappe.de\/wp-content\/uploads\/2023\/07\/8821c7c3e703305daf69842c2ec19d70-300x225.jpg 300w, https:\/\/seeglueck.gaeste-mappe.de\/wp-content\/uploads\/2023\/07\/8821c7c3e703305daf69842c2ec19d70-768x576.jpg 768w, https:\/\/seeglueck.gaeste-mappe.de\/wp-content\/uploads\/2023\/07\/8821c7c3e703305daf69842c2ec19d70.jpg 1200w\" sizes=\"(max-width: 1024px) 100vw, 1024px\" \/>\t\t\t\t\t\t\t\t\t\t\t\t\t\t\t<\/div>\n\t\t\t\t<\/div>\n\t\t\t\t\t<\/div>\n\t\t<\/div>\n\t\t\t\t\t<\/div>\n\t\t<\/section>\n\t\t\t\t<section class=\"elementor-section elementor-top-section elementor-element elementor-element-c530d86 elementor-section-boxed elementor-section-height-default elementor-section-height-default\" data-id=\"c530d86\" data-element_type=\"section\" data-e-type=\"section\">\n\t\t\t\t\t\t<div class=\"elementor-container elementor-column-gap-default\">\n\t\t\t\t\t<div class=\"elementor-column elementor-col-100 elementor-top-column elementor-element elementor-element-a0032a2\" data-id=\"a0032a2\" data-element_type=\"column\" data-e-type=\"column\">\n\t\t\t<div class=\"elementor-widget-wrap elementor-element-populated\">\n\t\t\t\t\t\t<div class=\"elementor-element elementor-element-daee74c elementor-widget elementor-widget-text-editor\" data-id=\"daee74c\" data-element_type=\"widget\" data-e-type=\"widget\" data-widget_type=\"text-editor.default\">\n\t\t\t\t<div class=\"elementor-widget-container\">\n\t\t\t\t\t\t\t\t\t<p>We are happy if you like our holiday home and would like to book again. Simply book at:<\/p><p><a href=\"https:\/\/ferienhaus-seeglueck.de\" target=\"_blank\" rel=\"noopener\">ferienhaus-seeglueck.de<\/a><\/p><p>There you will also find the occupancy calendars for both holiday homes. Those who book early still have a free choice.<\/p>\t\t\t\t\t\t\t\t<\/div>\n\t\t\t\t<\/div>\n\t\t\t\t\t<\/div>\n\t\t<\/div>\n\t\t\t\t\t<\/div>\n\t\t<\/section>\n\t\t\t\t<\/div>","protected":false},"excerpt":{"rendered":"<p>Folgebuchung Wir freuen uns, wenn Ihnen unser Ferienhaus gef\u00e4llt und Sie eine erneute Buchung vornehmen m\u00f6chten. Buchen Sie einfach unter: ferienhaus-seeglueck.de Dort finden Sie auch die Belegungskalender zu beiden Ferienh\u00e4usern. Wer fr\u00fch bucht, hat noch die freie Auswahl.<\/p>","protected":false},"author":2,"featured_media":0,"parent":0,"menu_order":0,"comment_status":"closed","ping_status":"closed","template":"","meta":{"site-sidebar-layout":"no-sidebar","site-content-layout":"page-builder","ast-site-content-layout":"","site-content-style":"default","site-sidebar-style":"default","ast-global-header-display":"","ast-banner-title-visibility":"","ast-main-header-display":"","ast-hfb-above-header-display":"","ast-hfb-below-header-display":"","ast-hfb-mobile-header-display":"","site-post-title":"disabled","ast-breadcrumbs-content":"","ast-featured-img":"disabled","footer-sml-layout":"","theme-transparent-header-meta":"","adv-header-id-meta":"","stick-header-meta":"","header-above-stick-meta":"","header-main-stick-meta":"","header-below-stick-meta":"","astra-migrate-meta-layouts":"","footnotes":""},"class_list":["post-5847","page","type-page","status-publish","hentry"],"_links":{"self":[{"href":"https:\/\/seeglueck.gaeste-mappe.de\/en\/wp-json\/wp\/v2\/pages\/5847","targetHints":{"allow":["GET"]}}],"collection":[{"href":"https:\/\/seeglueck.gaeste-mappe.de\/en\/wp-json\/wp\/v2\/pages"}],"about":[{"href":"https:\/\/seeglueck.gaeste-mappe.de\/en\/wp-json\/wp\/v2\/types\/page"}],"author":[{"embeddable":true,"href":"https:\/\/seeglueck.gaeste-mappe.de\/en\/wp-json\/wp\/v2\/users\/2"}],"replies":[{"embeddable":true,"href":"https:\/\/seeglueck.gaeste-mappe.de\/en\/wp-json\/wp\/v2\/comments?post=5847"}],"version-history":[{"count":42,"href":"https:\/\/seeglueck.gaeste-mappe.de\/en\/wp-json\/wp\/v2\/pages\/5847\/revisions"}],"predecessor-version":[{"id":8942,"href":"https:\/\/seeglueck.gaeste-mappe.de\/en\/wp-json\/wp\/v2\/pages\/5847\/revisions\/8942"}],"wp:attachment":[{"href":"https:\/\/seeglueck.gaeste-mappe.de\/en\/wp-json\/wp\/v2\/media?parent=5847"}],"curies":[{"name":"wp","href":"https:\/\/api.w.org\/{rel}","templated":true}]}}