{"id":6619,"date":"2023-05-27T13:22:43","date_gmt":"2023-05-27T13:22:43","guid":{"rendered":"https:\/\/naturliebeharz.gaeste-mappe.com\/?page_id=6619"},"modified":"2023-07-13T09:53:46","modified_gmt":"2023-07-13T09:53:46","slug":"schifffahrt","status":"publish","type":"page","link":"https:\/\/seeglueck.gaeste-mappe.de\/en\/schifffahrt\/","title":{"rendered":"Shipping"},"content":{"rendered":"<div data-elementor-type=\"wp-page\" data-elementor-id=\"6619\" class=\"elementor elementor-6619\" data-elementor-post-type=\"page\">\n\t\t\t\t\t\t<section class=\"elementor-section elementor-top-section elementor-element elementor-element-56542d35 elementor-section-boxed elementor-section-height-default elementor-section-height-default\" data-id=\"56542d35\" data-element_type=\"section\" data-e-type=\"section\" data-settings=\"{&quot;background_background&quot;:&quot;classic&quot;}\">\n\t\t\t\t\t\t<div class=\"elementor-container elementor-column-gap-default\">\n\t\t\t\t\t<div class=\"elementor-column elementor-col-100 elementor-top-column elementor-element elementor-element-7948b7df\" data-id=\"7948b7df\" data-element_type=\"column\" data-e-type=\"column\">\n\t\t\t<div class=\"elementor-widget-wrap elementor-element-populated\">\n\t\t\t\t\t\t<div class=\"elementor-element elementor-element-6dc74b20 elementor-icon-list--layout-traditional elementor-list-item-link-full_width elementor-widget elementor-widget-icon-list\" data-id=\"6dc74b20\" data-element_type=\"widget\" data-e-type=\"widget\" data-widget_type=\"icon-list.default\">\n\t\t\t\t<div class=\"elementor-widget-container\">\n\t\t\t\t\t\t\t<ul class=\"elementor-icon-list-items\">\n\t\t\t\t\t\t\t<li class=\"elementor-icon-list-item\">\n\t\t\t\t\t\t\t\t\t\t\t<span class=\"elementor-icon-list-icon\">\n\t\t\t\t\t\t\t<i aria-hidden=\"true\" class=\"fas fa-ship\"><\/i>\t\t\t\t\t\t<\/span>\n\t\t\t\t\t\t\t\t\t\t<span class=\"elementor-icon-list-text\">Shipping<\/span>\n\t\t\t\t\t\t\t\t\t<\/li>\n\t\t\t\t\t\t<\/ul>\n\t\t\t\t\t\t<\/div>\n\t\t\t\t<\/div>\n\t\t\t\t<div class=\"elementor-element elementor-element-4b48a5cf elementor-widget-divider--view-line elementor-widget elementor-widget-divider\" data-id=\"4b48a5cf\" data-element_type=\"widget\" data-e-type=\"widget\" data-widget_type=\"divider.default\">\n\t\t\t\t<div class=\"elementor-widget-container\">\n\t\t\t\t\t\t\t<div class=\"elementor-divider\">\n\t\t\t<span class=\"elementor-divider-separator\">\n\t\t\t\t\t\t<\/span>\n\t\t<\/div>\n\t\t\t\t\t\t<\/div>\n\t\t\t\t<\/div>\n\t\t\t\t\t<\/div>\n\t\t<\/div>\n\t\t\t\t\t<\/div>\n\t\t<\/section>\n\t\t\t\t<section class=\"elementor-section elementor-top-section elementor-element elementor-element-21b543d2 elementor-section-boxed elementor-section-height-default elementor-section-height-default\" data-id=\"21b543d2\" data-element_type=\"section\" data-e-type=\"section\">\n\t\t\t\t\t\t<div class=\"elementor-container elementor-column-gap-default\">\n\t\t\t\t\t<div class=\"elementor-column elementor-col-100 elementor-top-column elementor-element elementor-element-39facfd8\" data-id=\"39facfd8\" data-element_type=\"column\" data-e-type=\"column\">\n\t\t\t<div class=\"elementor-widget-wrap elementor-element-populated\">\n\t\t\t\t\t\t<div class=\"elementor-element elementor-element-9e51857 elementor-icon-list--layout-traditional elementor-list-item-link-full_width elementor-widget elementor-widget-icon-list\" data-id=\"9e51857\" data-element_type=\"widget\" data-e-type=\"widget\" data-widget_type=\"icon-list.default\">\n\t\t\t\t<div class=\"elementor-widget-container\">\n\t\t\t\t\t\t\t<ul class=\"elementor-icon-list-items\">\n\t\t\t\t\t\t\t<li class=\"elementor-icon-list-item\">\n\t\t\t\t\t\t\t\t\t\t<span class=\"elementor-icon-list-text\">Discover Lake Tollense with a scenic boat tour<\/span>\n\t\t\t\t\t\t\t\t\t<\/li>\n\t\t\t\t\t\t<\/ul>\n\t\t\t\t\t\t<\/div>\n\t\t\t\t<\/div>\n\t\t\t\t\t<\/div>\n\t\t<\/div>\n\t\t\t\t\t<\/div>\n\t\t<\/section>\n\t\t\t\t<section class=\"elementor-section elementor-top-section elementor-element elementor-element-7f065e1 elementor-section-boxed elementor-section-height-default elementor-section-height-default\" data-id=\"7f065e1\" data-element_type=\"section\" data-e-type=\"section\">\n\t\t\t\t\t\t<div class=\"elementor-container elementor-column-gap-default\">\n\t\t\t\t\t<div class=\"elementor-column elementor-col-100 elementor-top-column elementor-element elementor-element-cc0e5bd\" data-id=\"cc0e5bd\" data-element_type=\"column\" data-e-type=\"column\">\n\t\t\t<div class=\"elementor-widget-wrap elementor-element-populated\">\n\t\t\t\t\t\t<div class=\"elementor-element elementor-element-94af8e4 elementor-widget elementor-widget-text-editor\" data-id=\"94af8e4\" data-element_type=\"widget\" data-e-type=\"widget\" data-widget_type=\"text-editor.default\">\n\t\t\t\t<div class=\"elementor-widget-container\">\n\t\t\t\t\t\t\t\t\t<p>One of the best ways to fully appreciate the natural beauty of Lake Tollense is to take a relaxing boat tour on the lake&#039;s clear waters. Climb aboard a ship and be mesmerized by the smooth ride and breathtaking views.<\/p><p><strong>A unique perspective<\/strong><\/p><p>During a boat tour on Lake Tollense you have the opportunity to experience the lake from a completely new perspective. Enjoy the panoramic view of the surrounding green forests, rolling hills and untouched nature. The calm gliding over the water allows you to contemplate the landscape in peace and enjoy the silence of nature.<\/p><p><strong>Pure relaxation<\/strong><\/p><p>A boat tour on Lake Tollense offers you a welcome break from everyday life. Sit back, breathe in the fresh air and unwind as the boat glides gently across the water. The relaxed atmosphere on board allows you to relax and fully enjoy the moment.<\/p>\t\t\t\t\t\t\t\t<\/div>\n\t\t\t\t<\/div>\n\t\t\t\t\t<\/div>\n\t\t<\/div>\n\t\t\t\t\t<\/div>\n\t\t<\/section>\n\t\t\t\t<section class=\"elementor-section elementor-top-section elementor-element elementor-element-eaf1b60 elementor-section-boxed elementor-section-height-default elementor-section-height-default\" data-id=\"eaf1b60\" data-element_type=\"section\" data-e-type=\"section\">\n\t\t\t\t\t\t<div class=\"elementor-container elementor-column-gap-default\">\n\t\t\t\t\t<div class=\"elementor-column elementor-col-100 elementor-top-column elementor-element elementor-element-6e0712e\" data-id=\"6e0712e\" data-element_type=\"column\" data-e-type=\"column\">\n\t\t\t<div class=\"elementor-widget-wrap elementor-element-populated\">\n\t\t\t\t\t\t<div class=\"elementor-element elementor-element-20856d4 elementor-icon-list--layout-traditional elementor-list-item-link-full_width elementor-widget elementor-widget-icon-list\" data-id=\"20856d4\" data-element_type=\"widget\" data-e-type=\"widget\" data-widget_type=\"icon-list.default\">\n\t\t\t\t<div class=\"elementor-widget-container\">\n\t\t\t\t\t\t\t<ul class=\"elementor-icon-list-items\">\n\t\t\t\t\t\t\t<li class=\"elementor-icon-list-item\">\n\t\t\t\t\t\t\t\t\t\t\t<span class=\"elementor-icon-list-icon\">\n\t\t\t\t\t\t\t<svg xmlns=\"http:\/\/www.w3.org\/2000\/svg\" xmlns:xlink=\"http:\/\/www.w3.org\/1999\/xlink\" id=\"Layer_1\" x=\"0px\" y=\"0px\" viewbox=\"0 0 511.998 511.998\" style=\"enable-background:new 0 0 511.998 511.998;\" xml:space=\"preserve\"><g>\t<g>\t\t<path d=\"M482.193,315.609L19.174,263.436c-3.558-0.401-5.956,3.456-4.113,6.528c29.594,49.365,99.652,84.164,181.205,84.164   h276.216c1.877,0,3.524-1.22,4.079-3.012l9.233-30.012C486.579,318.553,484.847,315.908,482.193,315.609z\"><\/path>\t<\/g><\/g><g>\t<g>\t\t<path d=\"M510.652,230.062c-1.357-2.116-3.567-3.524-6.05-3.857l-128-17.067c-4.617-0.606-8.96,2.662-9.591,7.33   c-0.631,4.668,2.662,8.969,7.33,9.591l14.49,1.929c2.116,0.282,3.703,2.091,3.703,4.224v13.193c0,2.534-2.202,4.514-4.719,4.241   l-34.133-3.661c-2.167-0.222-3.814-2.057-3.814-4.233v-37.35c0-0.845,0.247-1.664,0.717-2.364l14.916-22.374   c1.707-2.56,1.903-5.837,0.521-8.576c-1.391-2.748-4.147-4.54-7.219-4.685l-179.2-8.533c-2.876-0.026-5.666,1.212-7.347,3.567   c0,0-34.099,47.923-41.574,58.47c-0.896,1.263-2.398,1.937-3.934,1.766L9.438,209.113c-2.423-0.256-4.813,0.521-6.613,2.133   C1.033,212.868,0,215.172,0,217.595c0,8.218,1.067,16.273,3.081,24.09c0.444,1.724,1.946,2.978,3.712,3.183L488.9,299.191   c2.039,0.23,3.951-1.024,4.557-2.987l18.168-59.034C512.358,234.773,512,232.17,510.652,230.062z M246.255,182.796l-6.656,46.609   c-0.324,2.261-2.33,3.874-4.608,3.644c-16.648-1.681-79.198-8.26-79.198-8.26c-3.243-0.35-4.915-4.062-3.021-6.724l29.312-41.037   c0.845-1.178,2.227-1.852,3.678-1.783l56.474,2.688C244.745,178.052,246.613,180.304,246.255,182.796z M338.765,189.017   l-5.248,7.851c-0.469,0.7-0.717,1.527-0.717,2.372v39.774c0,2.534-2.202,4.514-4.719,4.241l-67.721-7.253   c-2.398-0.256-4.113-2.458-3.772-4.847l6.903-48.324c0.307-2.176,2.227-3.763,4.429-3.661l67.499,3.217   C338.731,182.54,340.608,186.252,338.765,189.017z M443.733,250.892c0,2.534-2.202,4.514-4.719,4.241   c0,0-17.715-1.997-25.651-2.935c-2.15-0.247-3.763-2.074-3.763-4.233v-12.339c0-2.577,2.27-4.574,4.83-4.233l25.6,3.413   c2.116,0.29,3.703,2.099,3.703,4.233V250.892z M490.863,246.608l-3.166,10.274c-0.597,1.946-2.5,3.2-4.531,2.987l-18.56-1.988   c-2.159-0.23-3.806-2.065-3.806-4.241v-11.179c0-2.577,2.27-4.574,4.83-4.233l21.717,2.893   C489.958,241.471,491.639,244.083,490.863,246.608z\"><\/path>\t<\/g><\/g><g><\/g><g><\/g><g><\/g><g><\/g><g><\/g><g><\/g><g><\/g><g><\/g><g><\/g><g><\/g><g><\/g><g><\/g><g><\/g><g><\/g><g><\/g><\/svg>\t\t\t\t\t\t<\/span>\n\t\t\t\t\t\t\t\t\t\t<span class=\"elementor-icon-list-text\">Passenger ship Mudder Schulten<\/span>\n\t\t\t\t\t\t\t\t\t<\/li>\n\t\t\t\t\t\t<\/ul>\n\t\t\t\t\t\t<\/div>\n\t\t\t\t<\/div>\n\t\t\t\t\t<\/div>\n\t\t<\/div>\n\t\t\t\t\t<\/div>\n\t\t<\/section>\n\t\t\t\t<section class=\"elementor-section elementor-top-section elementor-element elementor-element-0f3d21f elementor-section-boxed elementor-section-height-default elementor-section-height-default\" data-id=\"0f3d21f\" data-element_type=\"section\" data-e-type=\"section\">\n\t\t\t\t\t\t<div class=\"elementor-container elementor-column-gap-default\">\n\t\t\t\t\t<div class=\"elementor-column elementor-col-100 elementor-top-column elementor-element elementor-element-31eb522\" data-id=\"31eb522\" data-element_type=\"column\" data-e-type=\"column\">\n\t\t\t<div class=\"elementor-widget-wrap elementor-element-populated\">\n\t\t\t\t\t\t<div class=\"elementor-element elementor-element-9a636b4 elementor-widget elementor-widget-text-editor\" data-id=\"9a636b4\" data-element_type=\"widget\" data-e-type=\"widget\" data-widget_type=\"text-editor.default\">\n\t\t\t\t<div class=\"elementor-widget-container\">\n\t\t\t\t\t\t\t\t\t<p>The passenger ship Mudder Schulten is a wonderful ship to explore Lake Tollense on an unforgettable ship tour. Immerse yourself in the historical atmosphere, enjoy the comfort and the view and experience the beauty of the lake from a new perspective.<\/p><p>Various tours are offered. Timetables and detailed information are available on the provider&#039;s website. You can also send a booking request there: <span style=\"text-decoration: underline;\"><a href=\"https:\/\/www.fahrgastschiff-mudderschulten.de\/\" target=\"_blank\" rel=\"noopener\">https:\/\/www.fahrgastschiff-mudderschulten.de\/<\/a><\/span><\/p>\t\t\t\t\t\t\t\t<\/div>\n\t\t\t\t<\/div>\n\t\t\t\t\t<\/div>\n\t\t<\/div>\n\t\t\t\t\t<\/div>\n\t\t<\/section>\n\t\t\t\t<section class=\"elementor-section elementor-top-section elementor-element elementor-element-69173c5 elementor-section-boxed elementor-section-height-default elementor-section-height-default\" data-id=\"69173c5\" data-element_type=\"section\" data-e-type=\"section\">\n\t\t\t\t\t\t<div class=\"elementor-container elementor-column-gap-default\">\n\t\t\t\t\t<div class=\"elementor-column elementor-col-100 elementor-top-column elementor-element elementor-element-cf91a59\" data-id=\"cf91a59\" data-element_type=\"column\" data-e-type=\"column\">\n\t\t\t<div class=\"elementor-widget-wrap elementor-element-populated\">\n\t\t\t\t\t\t<div class=\"elementor-element elementor-element-c4fdd71 elementor-widget elementor-widget-image\" data-id=\"c4fdd71\" data-element_type=\"widget\" data-e-type=\"widget\" data-widget_type=\"image.default\">\n\t\t\t\t<div class=\"elementor-widget-container\">\n\t\t\t\t\t\t\t\t\t\t\t\t\t\t\t<img fetchpriority=\"high\" decoding=\"async\" width=\"1342\" height=\"477\" src=\"https:\/\/seeglueck.gaeste-mappe.de\/wp-content\/uploads\/2023\/07\/shifffahrt-teaser.jpg\" class=\"attachment-full size-full wp-image-8574\" alt=\"\" srcset=\"https:\/\/seeglueck.gaeste-mappe.de\/wp-content\/uploads\/2023\/07\/shifffahrt-teaser.jpg 1342w, https:\/\/seeglueck.gaeste-mappe.de\/wp-content\/uploads\/2023\/07\/shifffahrt-teaser-300x107.jpg 300w, https:\/\/seeglueck.gaeste-mappe.de\/wp-content\/uploads\/2023\/07\/shifffahrt-teaser-1024x364.jpg 1024w, https:\/\/seeglueck.gaeste-mappe.de\/wp-content\/uploads\/2023\/07\/shifffahrt-teaser-768x273.jpg 768w\" sizes=\"(max-width: 1342px) 100vw, 1342px\" \/>\t\t\t\t\t\t\t\t\t\t\t\t\t\t\t<\/div>\n\t\t\t\t<\/div>\n\t\t\t\t\t<\/div>\n\t\t<\/div>\n\t\t\t\t\t<\/div>\n\t\t<\/section>\n\t\t\t\t<section class=\"elementor-section elementor-top-section elementor-element elementor-element-24b1267 elementor-section-boxed elementor-section-height-default elementor-section-height-default\" data-id=\"24b1267\" data-element_type=\"section\" data-e-type=\"section\">\n\t\t\t\t\t\t<div class=\"elementor-container elementor-column-gap-default\">\n\t\t\t\t\t<div class=\"elementor-column elementor-col-100 elementor-top-column elementor-element elementor-element-76b154b\" data-id=\"76b154b\" data-element_type=\"column\" data-e-type=\"column\">\n\t\t\t<div class=\"elementor-widget-wrap elementor-element-populated\">\n\t\t\t\t\t\t<div class=\"elementor-element elementor-element-447be22 elementor-icon-list--layout-traditional elementor-list-item-link-full_width elementor-widget elementor-widget-icon-list\" data-id=\"447be22\" data-element_type=\"widget\" data-e-type=\"widget\" data-widget_type=\"icon-list.default\">\n\t\t\t\t<div class=\"elementor-widget-container\">\n\t\t\t\t\t\t\t<ul class=\"elementor-icon-list-items\">\n\t\t\t\t\t\t\t<li class=\"elementor-icon-list-item\">\n\t\t\t\t\t\t\t\t\t\t\t<span class=\"elementor-icon-list-icon\">\n\t\t\t\t\t\t\t<svg xmlns=\"http:\/\/www.w3.org\/2000\/svg\" height=\"512\" viewbox=\"0 0 57 53\" width=\"512\"><g id=\"Page-1\" fill=\"none\" fill-rule=\"evenodd\"><g id=\"026---Boarding\" fill=\"rgb(0,0,0)\" fill-rule=\"nonzero\"><path id=\"Shape\" d=\"m46.528 32.615-3.362-3.035 5.433-.992zm3.437-2.309 1.184 6.482-3.084-2.788zm-4.383 4.149-2.651 5.155-4.3-3.884 2.651-5.154zm-8.489-.116-3.363-3.039 5.435-.992zm-.946 1.84-2.647 5.155-4.3-3.884 2.645-5.15zm-8.489-.116-3.364-3.037 5.436-.993zm-.947 1.84-2.651 5.155-4.3-3.884 2.651-5.155zm-8.488-.116-3.366-3.039 5.439-.993zm-.946 1.84-2.651 5.155-4.3-3.884 2.651-5.155zm-8.49-.116-3.367-3.04 5.441-.993zm-.946 1.84-1.9 3.7-1.185-6.486zm1.537 1.387 3.365 3.038-5.443.994zm9.435-1.724 3.365 3.038-5.438.994zm9.435-1.724 3.366 3.038-5.44.994zm9.435-1.724 3.366 3.034-5.439 1zm9.435-1.724 3.366 3.039-5.439.993zm5.088-12.372c.3080157.215227.514947.5467505.573.918.0154573.0797084.0224959.1608204.021.242.0016943.6724017-.4784882 1.2494632-1.14 1.37l-1.394.255c-.009 0-.017 0-.026 0s-.015.008-.024.01l-30.259 5.519c.2538411-.906193.1278372-1.8766755-.349-2.688-.017-.029-.041-.053-.059-.082l31.6-5.77c.3683994-.0708186.7497714.0107236 1.057.226zm-17.206-17.97c0-3.03756612 2.4624339-5.5 5.5-5.5s5.5 2.46243388 5.5 5.5-2.4624339 5.5-5.5 5.5c-3.0361953-.0033068-5.4966932-2.46380465-5.5-5.5zm-3 16c0-4.6944204 3.8055796-8.5 8.5-8.5s8.5 3.8055796 8.5 8.5v.1l-3 .548v-2.148c0-.5522847-.4477153-1-1-1s-1 .4477153-1 1v2.516l-7 1.278v-3.794c0-.5522847-.4477153-1-1-1s-1 .4477153-1 1v4.159l-3 .548zm-22-12c0-3.03756612 2.4624339-5.5 5.5-5.5s5.5 2.46243388 5.5 5.5c0 3.0375661-2.4624339 5.5-5.5 5.5-3.0361953-.0033068-5.4966932-2.4638047-5.5-5.5zm-3 16c-.00000005-3.0367575 1.62009079-5.8428373 4.25-7.361216 2.6299091-1.5183788 5.8700909-1.5183788 8.5 0 2.6299092 1.5183787 4.25 4.3244585 4.25 7.361216v.668l-3 .548v-2.716c0-.5522847-.4477153-1-1-1s-1 .4477153-1 1v3.081l-1.8.33c-.01 0-.021-.006-.031-.007l-5.169-.861v-2.543c0-.5522847-.4477153-1-1-1s-1 .4477153-1 1v3.39c.0050623.0388085.0127465.0772297.023.115.0059933.0678438.0190644.1348749.039.2.020836.0597021.0472878.1172933.079.172.0298543.0552844.0650202.1075309.105.156.0420998.0482536.0886373.0924475.139.132.0996557.0834797.2169214.1433091.343.175.0349313.016331.0710313.0300356.108.041l6 1 .108.026c.394353.0972402.7324152.3502447.9369058.7011771.2044907.3509323.2579272.7697901.1480942 1.1608229-.1673976.5566156-.6373823.969162-1.211 1.063-.1570084.0289678-.3179916.0289678-.475 0l-8.084-1.34c-.51318573-.0868694-.94465785-.4335611-1.14-.916-.0773503-.1857504-.11776995-.3847917-.119-.586zm-5.352 9.626c-.36326033.0669147-.73818722-.0144815-1.041-.226-.31190571-.2150629-.52333206-.5473558-.586-.921-.01514341-.0787405-.02218014-.1588252-.021-.239.00183399-.6734388.48582822-1.2488402 1.149-1.366l4.52-.827c.53995976.7465109 1.35024163 1.2524885 2.258 1.41l2.94.486zm52.812 8.874-49.06 8.969c-1.02006993.18612-1.99788004-.4899301-2.184-1.51s.48993007-1.99788 1.51-2.184l.943-.172 48.119-8.792c.6741039-.1564258 1.3795965.0707511 1.8357595.5911359s.5889906 1.2495529.3456301 1.8973652c-.2433605.6478122-.8234274 1.1091707-1.5093896 1.2004989z\"><\/path><\/g><\/g><\/svg>\t\t\t\t\t\t<\/span>\n\t\t\t\t\t\t\t\t\t\t<span class=\"elementor-icon-list-text\">Landing stage<\/span>\n\t\t\t\t\t\t\t\t\t<\/li>\n\t\t\t\t\t\t<\/ul>\n\t\t\t\t\t\t<\/div>\n\t\t\t\t<\/div>\n\t\t\t\t\t<\/div>\n\t\t<\/div>\n\t\t\t\t\t<\/div>\n\t\t<\/section>\n\t\t\t\t<section class=\"elementor-section elementor-top-section elementor-element elementor-element-f2952e0 elementor-section-boxed elementor-section-height-default elementor-section-height-default\" data-id=\"f2952e0\" data-element_type=\"section\" data-e-type=\"section\">\n\t\t\t\t\t\t<div class=\"elementor-container elementor-column-gap-default\">\n\t\t\t\t\t<div class=\"elementor-column elementor-col-50 elementor-top-column elementor-element elementor-element-528bcde\" data-id=\"528bcde\" data-element_type=\"column\" data-e-type=\"column\">\n\t\t\t<div class=\"elementor-widget-wrap elementor-element-populated\">\n\t\t\t\t\t\t<div class=\"elementor-element elementor-element-8a43ba5 elementor-widget elementor-widget-text-editor\" data-id=\"8a43ba5\" data-element_type=\"widget\" data-e-type=\"widget\" data-widget_type=\"text-editor.default\">\n\t\t\t\t<div class=\"elementor-widget-container\">\n\t\t\t\t\t\t\t\t\t<p>The landing stage is in the upper part of Lake Tollense at the following address:<\/p><p>Passenger ship Mudder Schulten<br \/>park street 3<br \/>17033 Neubrandenburg<\/p>\t\t\t\t\t\t\t\t<\/div>\n\t\t\t\t<\/div>\n\t\t\t\t\t<\/div>\n\t\t<\/div>\n\t\t\t\t<div class=\"elementor-column elementor-col-50 elementor-top-column elementor-element elementor-element-c9e4067\" data-id=\"c9e4067\" data-element_type=\"column\" data-e-type=\"column\">\n\t\t\t<div class=\"elementor-widget-wrap elementor-element-populated\">\n\t\t\t\t\t\t<div class=\"elementor-element elementor-element-1326ad6 elementor-widget elementor-widget-google_maps\" data-id=\"1326ad6\" data-element_type=\"widget\" data-e-type=\"widget\" data-widget_type=\"google_maps.default\">\n\t\t\t\t<div class=\"elementor-widget-container\">\n\t\t\t\t\t\t\t<div class=\"elementor-custom-embed\">\n\t\t\t<iframe loading=\"lazy\"\n\t\t\t\t\tsrc=\"https:\/\/maps.google.com\/maps?q=Parkstr.%203%2017033%20Neubrandenburg&#038;t=m&#038;z=10&#038;output=embed&#038;iwloc=near\"\n\t\t\t\t\ttitle=\"park street 3 17033 Neubrandenburg\"\n\t\t\t\t\taria-label=\"park street 3 17033 Neubrandenburg\"\n\t\t\t><\/iframe>\n\t\t<\/div>\n\t\t\t\t\t\t<\/div>\n\t\t\t\t<\/div>\n\t\t\t\t\t<\/div>\n\t\t<\/div>\n\t\t\t\t\t<\/div>\n\t\t<\/section>\n\t\t\t\t<\/div>","protected":false},"excerpt":{"rendered":"<p>Schifffahrt Entdecken Sie den Tollensesee mit einer malerischen Schiffstour Eine der besten M\u00f6glichkeiten, die nat\u00fcrliche Sch\u00f6nheit des Tollensesees in vollen Z\u00fcgen zu genie\u00dfen, ist eine entspannte Schiffstour auf dem klaren Wasser des Sees. Steigen Sie an Bord eines Schiffes und lassen Sie sich von der ruhigen Fahrt und der atemberaubenden Aussicht verzaubern. Eine einzigartige Perspektive &hellip;<\/p>\n<p class=\"read-more\"> <a class=\"\" href=\"https:\/\/seeglueck.gaeste-mappe.de\/en\/schifffahrt\/\"> <span class=\"screen-reader-text\">Shipping<\/span> Read More &raquo;<\/a><\/p>","protected":false},"author":2,"featured_media":0,"parent":0,"menu_order":0,"comment_status":"closed","ping_status":"closed","template":"","meta":{"site-sidebar-layout":"no-sidebar","site-content-layout":"page-builder","ast-site-content-layout":"","site-content-style":"default","site-sidebar-style":"default","ast-global-header-display":"","ast-banner-title-visibility":"","ast-main-header-display":"","ast-hfb-above-header-display":"","ast-hfb-below-header-display":"","ast-hfb-mobile-header-display":"","site-post-title":"disabled","ast-breadcrumbs-content":"","ast-featured-img":"disabled","footer-sml-layout":"","theme-transparent-header-meta":"","adv-header-id-meta":"","stick-header-meta":"","header-above-stick-meta":"","header-main-stick-meta":"","header-below-stick-meta":"","astra-migrate-meta-layouts":"","footnotes":""},"class_list":["post-6619","page","type-page","status-publish","hentry"],"_links":{"self":[{"href":"https:\/\/seeglueck.gaeste-mappe.de\/en\/wp-json\/wp\/v2\/pages\/6619","targetHints":{"allow":["GET"]}}],"collection":[{"href":"https:\/\/seeglueck.gaeste-mappe.de\/en\/wp-json\/wp\/v2\/pages"}],"about":[{"href":"https:\/\/seeglueck.gaeste-mappe.de\/en\/wp-json\/wp\/v2\/types\/page"}],"author":[{"embeddable":true,"href":"https:\/\/seeglueck.gaeste-mappe.de\/en\/wp-json\/wp\/v2\/users\/2"}],"replies":[{"embeddable":true,"href":"https:\/\/seeglueck.gaeste-mappe.de\/en\/wp-json\/wp\/v2\/comments?post=6619"}],"version-history":[{"count":57,"href":"https:\/\/seeglueck.gaeste-mappe.de\/en\/wp-json\/wp\/v2\/pages\/6619\/revisions"}],"predecessor-version":[{"id":8584,"href":"https:\/\/seeglueck.gaeste-mappe.de\/en\/wp-json\/wp\/v2\/pages\/6619\/revisions\/8584"}],"wp:attachment":[{"href":"https:\/\/seeglueck.gaeste-mappe.de\/en\/wp-json\/wp\/v2\/media?parent=6619"}],"curies":[{"name":"wp","href":"https:\/\/api.w.org\/{rel}","templated":true}]}}